{"id":1000,"date":"2019-07-01T16:43:38","date_gmt":"2019-07-01T14:43:38","guid":{"rendered":"http:\/\/www.bractwo.krakowpodgorze.zhp.pl\/?page_id=1000"},"modified":"2019-07-19T20:40:34","modified_gmt":"2019-07-19T18:40:34","slug":"informacje-dla-podobozu-harcerskiego-czernica-19","status":"publish","type":"page","link":"https:\/\/bractwo.krakowpodgorze.zhp.pl\/index.php\/informacje-dla-podobozu-harcerskiego-czernica-19\/","title":{"rendered":"Informacje dla podobozu harcerskiego &#8211; Czernica &#8217;19"},"content":{"rendered":"\n<h2 class=\"wp-block-heading\">Kilka informacji organizacyjnych<\/h2>\n\n\n\n<p>Bardzo prosz\u0119 o skontaktowanie si\u0119 ze mn\u0105 i dostarczenie kart kwalifikacyjnych (i za\u0142\u0105cznik\u00f3w do nich) &#8211; kto jeszcze tego nie zrobi\u0142.<\/p>\n\n\n\n<p>Wykaz ekwipunku i karta znajduj\u0105 si\u0119 w zak\u0142adce obozowej.<\/p>\n\n\n\n<p style=\"text-align:left\">W razie pyta\u0144 podaj\u0119 m\u00f3j nr telefonu: 515 487 002.<\/p>\n\n\n\n<p style=\"text-align:right\">Maciej Kurek<br>Komendant Podobozu<\/p>\n\n\n\n<h2 class=\"wp-block-heading\">Podzia\u0142 na zast\u0119py<\/h2>\n\n\n\n<h4 class=\"wp-block-heading\">Zast\u0119p 1.<\/h4>\n\n\n\n<p>Nazwa: <br>Str\u00f3j obrz\u0119dowy: Disco<\/p>\n\n\n\n<p>Amelia T. (Zast\u0119powa)<br>Hania R.<br>Krystyna H.<br>Anna Sz.<br>Liliana J.<\/p>\n\n\n\n<h4 class=\"wp-block-heading\">Zast\u0119p 2.<\/h4>\n\n\n\n<p>Nazwa: Panterki<br>Str\u00f3j obrz\u0119dowy: Ubi\u00f3r w panterk\u0119<\/p>\n\n\n\n<p>Lena D. (Zast\u0119powa)<br>Anna J.<br>Jagoda&nbsp;L.<br>Justyna S.<br>\u0141ucja J.<\/p>\n\n\n\n<h4 class=\"wp-block-heading\">Zast\u0119p 3.<\/h4>\n\n\n\n<p>Nazwa: Rebeliantki<br>Str\u00f3j obrz\u0119dowy: Star Wars (ustalony wewn\u0105trz zast\u0119pu)<\/p>\n\n\n\n<p>Justyna W. (Zast\u0119powa)<br>Dorota W.<br>Liliana W.<br>Natalia R.&nbsp;<br>Barbara G.<\/p>\n\n\n\n<h4 class=\"wp-block-heading\">Zast\u0119p 4.<\/h4>\n\n\n\n<p>Nazwa: ?<br>Str\u00f3j obrz\u0119dowy:<\/p>\n\n\n\n<p>\u0141ucja K. (Zast\u0119powa) <br>Zuzanna K.<br>Emilia S.<br>Waleria Sz.<br>Natalia P.<\/p>\n\n\n\n<h4 class=\"wp-block-heading\">Zast\u0119p 5.<\/h4>\n\n\n\n<p>Nazwa: Afisz<br>Str\u00f3j obrz\u0119dowy:  Ortaliony &#8211; G\u00f3ra i d\u00f3\u0142, nerka i czapka <\/p>\n\n\n\n<p>Tomasz S. (Zast\u0119powy)<br>Arkadiusz M.<br>Arkadiusz C.<br>Filip Z.<\/p>\n\n\n\n<h4 class=\"wp-block-heading\">Zast\u0119p 6.<\/h4>\n\n\n\n<p>Nazwa: Powr\u00f3t do Przesz\u0142o\u015bci<br>Str\u00f3j obrz\u0119dowy: ustalony wewn\u0105trz zast\u0119pu<\/p>\n\n\n\n<p>Micha\u0142&nbsp;\u017b. (Zast\u0119powy)<br>Aleksander T.<br>Bartosz R.&nbsp;<br>Krzysztof S.<br>Szymon&nbsp;B.<\/p>\n\n\n\n<h4 class=\"wp-block-heading\">Zast\u0119p 7.<\/h4>\n\n\n\n<p>Nazwa:<br>Str\u00f3j obrz\u0119dowy:<\/p>\n\n\n\n<p>Wiktor B. (Zast\u0119powy)<br>Sebastian M.<br>Sebastian D.<br>Tomasz L.<\/p>\n\n\n\n<h2 class=\"wp-block-heading\">Obrz\u0119dowo\u015b\u0107<\/h2>\n\n\n\n<p>Tematyka obozu nawi\u0105zuje do lat &#8217;80<\/p>\n\n\n\n<p>Obrz\u0119dowo\u015b\u0107 zast\u0119pu (nazwa, proporzec) musi opiera\u0107 si\u0119 na elemencie kultury z lat &#8217;80. Na przyk\u0142ad filmy (z lat &#8217;80 lub o latach &#8217;80): ET, Terminator, \u0141owca Android\u00f3w, Powr\u00f3t do Przysz\u0142o\u015bci, Gremliny, Pogromcy Duch\u00f3w, RoboCop, Szklana Pu\u0142apka, Nieko\u0144cz\u0105ca si\u0119 opowie\u015b\u0107, Willow, Conan Barbarzy\u0144ca, Mad Max, The Blues Brothers, Rambo, Gwiezdne Wojny.<\/p>\n\n\n\n<h4 class=\"wp-block-heading\">Str\u00f3j obrz\u0119dowy<\/h4>\n\n\n\n<p>Str\u00f3j obrz\u0119dowy wybiera ca\u0142y zast\u0119p lub zast\u0119powy &#8211; musi si\u0119 sk\u0142ada\u0107 z 3 element\u00f3w noszonych na sobie, przedmioty trzymane w r\u0119kach si\u0119 nie licz\u0105. Sukienki licz\u0105 si\u0119 za 2 elementy.<\/p>\n\n\n\n<p>Str\u00f3j obrz\u0119dowy musi posiada\u0107 ka\u017cdy uczestnik.<\/p>\n\n\n\n<h4 class=\"wp-block-heading\">Proporzec<\/h4>\n\n\n\n<p>W tym roku w zwi\u0105zku z wi\u0119ksz\u0105 z\u0142o\u017cono\u015bci\u0105 projektu proporce poza tradycyjn\u0105 metod\u0105 wyszywania, mog\u0105 te\u017c by\u0107 malowane (pod warunkiem zastosowania farb niezmywalnych (najlepiej akrylowe lub dedykowane do tkanin).<\/p>\n\n\n\n<p>Szablon proporca:<br>(do wydrukowania na kartce A4 bez pomniejsze\u0144 &#8211; proporzec musi mie\u0107 26-28 cm d\u0142u\u017cszej kraw\u0119dzi, wyci\u0119ty wg linii zewn\u0119trznych)<\/p>\n\n\n\n<div class=\"wp-block-file\"><a href=\"http:\/\/www.bractwo.krakowpodgorze.zhp.pl\/wp-content\/uploads\/2019\/07\/strona-a.pdf\">strona a<\/a><a href=\"http:\/\/www.bractwo.krakowpodgorze.zhp.pl\/wp-content\/uploads\/2019\/07\/strona-a.pdf\" class=\"wp-block-file__button\" download>Pobierz<\/a><\/div>\n\n\n\n<div class=\"wp-block-file\"><a href=\"http:\/\/www.bractwo.krakowpodgorze.zhp.pl\/wp-content\/uploads\/2019\/07\/strona-b-1.pdf\">strona b<\/a><a href=\"http:\/\/www.bractwo.krakowpodgorze.zhp.pl\/wp-content\/uploads\/2019\/07\/strona-b-1.pdf\" class=\"wp-block-file__button\" download>Pobierz<\/a><\/div>\n\n\n\n<p>Pozosta\u0142e informacje:<\/p>\n\n\n\n<ul class=\"wp-block-list\"><li>na stronie b nale\u017cy umie\u015bci\u0107 r\u00f3wnie\u017c logo zast\u0119pu wed\u0142ug w\u0142asnego projektu nawi\u0105zuj\u0105ce do obrz\u0119dowo\u015bci zast\u0119pu;<\/li><li>nie nale\u017cy zbytnio usztywnia\u0107 proporc\u00f3w drutem, czy drewnem;<\/li><li>nie warto te\u017c malowa\u0107 na dwu stronach jednego materia\u0142u, lepiej zszy\u0107 go z dwu cz\u0119\u015bci;<\/li><li>warto u\u017cy\u0107 dodatkowego wype\u0142nienia grubszej tkaniny;<\/li><li>ucha do powieszenia, oznaczone na rysunku powinny mie\u0107 co najmniej 10 cm, aby proporzec \u0142adnie si\u0119 prezentowa\u0142.<\/li><\/ul>\n","protected":false},"excerpt":{"rendered":"<p>Kilka informacji organizacyjnych Bardzo prosz\u0119 o skontaktowanie si\u0119 ze mn\u0105 i dostarczenie kart kwalifikacyjnych (i za\u0142\u0105cznik\u00f3w do nich) &#8211; kto jeszcze tego nie zrobi\u0142. Wykaz ekwipunku i karta znajduj\u0105 si\u0119 w zak\u0142adce obozowej. W razie pyta\u0144 podaj\u0119 m\u00f3j nr telefonu: 515 487 002. Maciej KurekKomendant Podobozu Podzia\u0142 na zast\u0119py Zast\u0119p 1. Nazwa: Str\u00f3j obrz\u0119dowy: Disco [&hellip;]<\/p>\n","protected":false},"author":1,"featured_media":0,"parent":0,"menu_order":0,"comment_status":"closed","ping_status":"closed","template":"","meta":{"footnotes":""},"class_list":["post-1000","page","type-page","status-publish","hentry"],"_links":{"self":[{"href":"https:\/\/bractwo.krakowpodgorze.zhp.pl\/index.php\/wp-json\/wp\/v2\/pages\/1000","targetHints":{"allow":["GET"]}}],"collection":[{"href":"https:\/\/bractwo.krakowpodgorze.zhp.pl\/index.php\/wp-json\/wp\/v2\/pages"}],"about":[{"href":"https:\/\/bractwo.krakowpodgorze.zhp.pl\/index.php\/wp-json\/wp\/v2\/types\/page"}],"author":[{"embeddable":true,"href":"https:\/\/bractwo.krakowpodgorze.zhp.pl\/index.php\/wp-json\/wp\/v2\/users\/1"}],"replies":[{"embeddable":true,"href":"https:\/\/bractwo.krakowpodgorze.zhp.pl\/index.php\/wp-json\/wp\/v2\/comments?post=1000"}],"version-history":[{"count":12,"href":"https:\/\/bractwo.krakowpodgorze.zhp.pl\/index.php\/wp-json\/wp\/v2\/pages\/1000\/revisions"}],"predecessor-version":[{"id":1384,"href":"https:\/\/bractwo.krakowpodgorze.zhp.pl\/index.php\/wp-json\/wp\/v2\/pages\/1000\/revisions\/1384"}],"wp:attachment":[{"href":"https:\/\/bractwo.krakowpodgorze.zhp.pl\/index.php\/wp-json\/wp\/v2\/media?parent=1000"}],"curies":[{"name":"wp","href":"https:\/\/api.w.org\/{rel}","templated":true}]}}