{"id":1730,"date":"2025-03-07T13:08:22","date_gmt":"2025-03-07T12:08:22","guid":{"rendered":"https:\/\/www.bractwo.krakowpodgorze.zhp.pl\/?page_id=1730"},"modified":"2025-03-14T12:50:00","modified_gmt":"2025-03-14T11:50:00","slug":"oboz-2025","status":"publish","type":"page","link":"https:\/\/bractwo.krakowpodgorze.zhp.pl\/index.php\/oboz-2025\/","title":{"rendered":"Ob\u00f3z 2025"},"content":{"rendered":"\n<div class=\"wp-block-cover\" style=\"min-height:298px;aspect-ratio:unset;\"><span aria-hidden=\"true\" class=\"wp-block-cover__background has-background-dim-30 has-background-dim\"><\/span><img loading=\"lazy\" decoding=\"async\" width=\"1024\" height=\"453\" class=\"wp-block-cover__image-background wp-image-678\" alt=\"\" src=\"http:\/\/www.bractwo.krakowpodgorze.zhp.pl\/wp-content\/uploads\/2015\/06\/cropped-tlo-1-1024x453.jpg\" style=\"object-position:52% 57%\" data-object-fit=\"cover\" data-object-position=\"52% 57%\" srcset=\"https:\/\/bractwo.krakowpodgorze.zhp.pl\/wp-content\/uploads\/2015\/06\/cropped-tlo-1-1024x453.jpg 1024w, https:\/\/bractwo.krakowpodgorze.zhp.pl\/wp-content\/uploads\/2015\/06\/cropped-tlo-1-300x133.jpg 300w, https:\/\/bractwo.krakowpodgorze.zhp.pl\/wp-content\/uploads\/2015\/06\/cropped-tlo-1-768x340.jpg 768w, https:\/\/bractwo.krakowpodgorze.zhp.pl\/wp-content\/uploads\/2015\/06\/cropped-tlo-1-520x230.jpg 520w, https:\/\/bractwo.krakowpodgorze.zhp.pl\/wp-content\/uploads\/2015\/06\/cropped-tlo-1-740x328.jpg 740w, https:\/\/bractwo.krakowpodgorze.zhp.pl\/wp-content\/uploads\/2015\/06\/cropped-tlo-1.jpg 1920w\" sizes=\"auto, (max-width: 1024px) 100vw, 1024px\" \/><div class=\"wp-block-cover__inner-container is-layout-flow wp-block-cover-is-layout-flow\">\n<p class=\"has-text-align-center has-white-color has-text-color has-link-color wp-elements-4af986630e7a4ac7b67850ae67ab913a\" style=\"font-size:clamp(20px, 1.25rem + ((1vw - 3.2px) * 1.364), 32px);\">Termin:<br>3-17 sierpnia 2025 r.<br>Miejsce:<br>Gwda Wielka (gm. Szczecinek)<br>Koszt:<br>&#8230;<\/p>\n<\/div><\/div>\n\n\n\n<p>Zapraszamy na ob\u00f3z, kt\u00f3ry odb\u0119dzie si\u0119 w dniach 3\u201317 sierpnia 2025 roku. Nasza przygoda rozpocznie si\u0119 wieczorem 3 sierpnia, kiedy wyruszymy w kierunku miejsca obozowego w lesie na terenie miejscowo\u015bci Gwda Wielka, po\u0142o\u017conej w gminie Szczecinek. Powr\u00f3cimy rankiem 17 sierpnia, bogatsi o niezapomniane wspomnienia i nowe umiej\u0119tno\u015bci.<\/p>\n\n\n\n<p>Nasze obozowisko zlokalizowane b\u0119dzie w sercu lasu, tu\u017c nad brzegiem urokliwego jeziora Do\u0142gie. W dolinie rzeki Gwdy To ciche i spokojne miejsce, oddalone od zgie\u0142ku codzienno\u015bci, stanowi idealne t\u0142o dla harcerskich przyg\u00f3d. Podczas obozu planujemy szereg atrakcji, kt\u00f3re pozwol\u0105 uczestnikom na pe\u0142ne zanurzenie si\u0119 w harcerskim \u017cyciu. Na miejscu obozowym nie b\u0119dzie dost\u0119pu do pr\u0105du, ani bie\u017c\u0105cej wody. Jezioro b\u0119dzie te\u017c s\u0142u\u017cy\u0142o jako \u017ar\u00f3d\u0142o do czerpania wody wykorzystywanej do mycia.<\/p>\n\n\n\n<p>Ob\u00f3z harcerski to nie tylko czas zabawy, ale przede wszystkim nauki samodzielno\u015bci, odpowiedzialno\u015bci i wsp\u00f3\u0142pracy. To okazja do nawi\u0105zania nowych przyja\u017ani, odkrywania w\u0142asnych pasji i stawiania czo\u0142a wyzwaniom. Wierzymy, \u017ce tegoroczny ob\u00f3z w Gwdzie Wielkiej dostarczy wszystkim uczestnikom niezapomnianych prze\u017cy\u0107 i stanie si\u0119 inspiracj\u0105 do dalszego rozwoju.<\/p>\n\n\n\n<p>Na ob\u00f3z jedziemy wraz z <a href=\"https:\/\/www.facebook.com\/96Szczep\">96. Szczepem im. Zawiszy Czarnego<\/a> z Hufca ZHP Krak\u00f3w-\u015ar\u00f3dmie\u015bcie<\/p>\n\n\n\n<p><\/p>\n","protected":false},"excerpt":{"rendered":"<p>Zapraszamy na ob\u00f3z, kt\u00f3ry odb\u0119dzie si\u0119 w dniach 3\u201317 sierpnia 2025 roku. Nasza przygoda rozpocznie si\u0119 wieczorem 3 sierpnia, kiedy wyruszymy w kierunku miejsca obozowego w lesie na terenie miejscowo\u015bci Gwda Wielka, po\u0142o\u017conej w gminie Szczecinek. Powr\u00f3cimy rankiem 17 sierpnia, bogatsi o niezapomniane wspomnienia i nowe umiej\u0119tno\u015bci. Nasze obozowisko zlokalizowane b\u0119dzie w sercu lasu, tu\u017c [&hellip;]<\/p>\n","protected":false},"author":1,"featured_media":418,"parent":0,"menu_order":0,"comment_status":"closed","ping_status":"closed","template":"","meta":{"footnotes":""},"class_list":["post-1730","page","type-page","status-publish","has-post-thumbnail","hentry"],"_links":{"self":[{"href":"https:\/\/bractwo.krakowpodgorze.zhp.pl\/index.php\/wp-json\/wp\/v2\/pages\/1730","targetHints":{"allow":["GET"]}}],"collection":[{"href":"https:\/\/bractwo.krakowpodgorze.zhp.pl\/index.php\/wp-json\/wp\/v2\/pages"}],"about":[{"href":"https:\/\/bractwo.krakowpodgorze.zhp.pl\/index.php\/wp-json\/wp\/v2\/types\/page"}],"author":[{"embeddable":true,"href":"https:\/\/bractwo.krakowpodgorze.zhp.pl\/index.php\/wp-json\/wp\/v2\/users\/1"}],"replies":[{"embeddable":true,"href":"https:\/\/bractwo.krakowpodgorze.zhp.pl\/index.php\/wp-json\/wp\/v2\/comments?post=1730"}],"version-history":[{"count":6,"href":"https:\/\/bractwo.krakowpodgorze.zhp.pl\/index.php\/wp-json\/wp\/v2\/pages\/1730\/revisions"}],"predecessor-version":[{"id":1740,"href":"https:\/\/bractwo.krakowpodgorze.zhp.pl\/index.php\/wp-json\/wp\/v2\/pages\/1730\/revisions\/1740"}],"wp:featuredmedia":[{"embeddable":true,"href":"https:\/\/bractwo.krakowpodgorze.zhp.pl\/index.php\/wp-json\/wp\/v2\/media\/418"}],"wp:attachment":[{"href":"https:\/\/bractwo.krakowpodgorze.zhp.pl\/index.php\/wp-json\/wp\/v2\/media?parent=1730"}],"curies":[{"name":"wp","href":"https:\/\/api.w.org\/{rel}","templated":true}]}}