{"id":596,"date":"2017-04-20T13:31:10","date_gmt":"2017-04-20T11:31:10","guid":{"rendered":"http:\/\/www.bractwo.krakowpodgorze.zhp.pl\/?page_id=596"},"modified":"2017-04-20T21:53:10","modified_gmt":"2017-04-20T19:53:10","slug":"oboz-w-starym-wierzchowie","status":"publish","type":"page","link":"https:\/\/bractwo.krakowpodgorze.zhp.pl\/index.php\/oboz-w-starym-wierzchowie\/","title":{"rendered":"Ob\u00f3z w Starym Wierzchowie"},"content":{"rendered":"<p><a href=\"http:\/\/www.bractwo.krakowpodgorze.zhp.pl\/wp-content\/uploads\/2017\/04\/wzor-ulotka2.png\"><br \/>\n<\/a><a href=\"http:\/\/www.bractwo.krakowpodgorze.zhp.pl\/wp-content\/uploads\/2017\/04\/wzor-ulotka2.png\"><img loading=\"lazy\" decoding=\"async\" class=\"wp-image-597 size-medium alignleft\" src=\"http:\/\/www.bractwo.krakowpodgorze.zhp.pl\/wp-content\/uploads\/2017\/04\/wzor-ulotka2-300x192.png\" alt=\"\" width=\"300\" height=\"192\" srcset=\"https:\/\/bractwo.krakowpodgorze.zhp.pl\/wp-content\/uploads\/2017\/04\/wzor-ulotka2-300x192.png 300w, https:\/\/bractwo.krakowpodgorze.zhp.pl\/wp-content\/uploads\/2017\/04\/wzor-ulotka2-768x491.png 768w, https:\/\/bractwo.krakowpodgorze.zhp.pl\/wp-content\/uploads\/2017\/04\/wzor-ulotka2.png 1000w\" sizes=\"auto, (max-width: 300px) 100vw, 300px\" \/><\/a><\/p>\n<p style=\"text-align: left;\">Je\u015bli chcesz prze\u017cy\u0107 niesamowit\u0105 przygod\u0119, to pojed\u017a z nami na ob\u00f3z. W tym roku udajemy si\u0119 do Starego Wierzchowa. Tam po\u015br\u00f3d las\u00f3w i jezior Pojezierza Drawskiego poznasz gdzie cisza sprawia, \u017ce cz\u0142owiek czuje si\u0119 lepszy.<\/p>\n<h2 style=\"text-align: left;\">Spis tre\u015bci:<\/h2>\n<ol>\n<li><a href=\"#ulotka\">Ulotka obozowa<\/a><\/li>\n<li><a href=\"#Dokumenty\">Dokumenty<\/a><\/li>\n<li><a href=\"#Ekwipunek\">Ekwipunek<\/a><\/li>\n<li><a href=\"#Kontakt\">Dane kontaktowe<\/a><\/li>\n<\/ol>\n<p>&nbsp;<\/p>\n<h2><a id=\"ulotka\"><\/a>Ulotka obozowa<\/h2>\n<p>&nbsp;<\/p>\n<h2><a id=\"Dokumenty\"><\/a>Dokumenty<\/h2>\n<p>pojawi\u0105 si\u0119 wkr\u00f3tce<\/p>\n<h2><a id=\"Ekwipunek\"><\/a>Ekwipunek<\/h2>\n<ul>\n<li><a href=\"http:\/\/www.bractwo.krakowpodgorze.zhp.pl\/wp-content\/uploads\/2015\/04\/Ekwipunek-obozowy.pdf\">Ekwipunek harcerzy<\/a><\/li>\n<li><a href=\"http:\/\/www.bractwo.krakowpodgorze.zhp.pl\/wp-content\/uploads\/2015\/04\/ekwipunek-zucha.pdf\">Ekwipunek zuch\u00f3w<\/a><\/li>\n<\/ul>\n<p>Polecamy r\u00f3wnie\u017c\u00a0zagl\u0105dn\u0105\u0107\u00a0do zak\u0142adki umundurowanie.<\/p>\n<h2><a id=\"Kontakt\"><\/a>Dane kontaktowe<\/h2>\n<p>Prosimy kontaktowa\u0107 si\u0119 z dru\u017cynowymi, udziel\u0105 oni szczeg\u00f3\u0142owych informacji na temat obozu.<\/p>\n","protected":false},"excerpt":{"rendered":"<p>Je\u015bli chcesz prze\u017cy\u0107 niesamowit\u0105 przygod\u0119, to pojed\u017a z nami na ob\u00f3z. W tym roku udajemy si\u0119 do Starego Wierzchowa. Tam po\u015br\u00f3d las\u00f3w i jezior Pojezierza Drawskiego poznasz gdzie cisza sprawia, \u017ce cz\u0142owiek czuje si\u0119 lepszy. Spis tre\u015bci: Ulotka obozowa Dokumenty Ekwipunek Dane kontaktowe &nbsp; Ulotka obozowa &nbsp; Dokumenty pojawi\u0105 si\u0119 wkr\u00f3tce Ekwipunek Ekwipunek harcerzy Ekwipunek [&hellip;]<\/p>\n","protected":false},"author":1,"featured_media":0,"parent":0,"menu_order":0,"comment_status":"closed","ping_status":"closed","template":"","meta":{"footnotes":""},"class_list":["post-596","page","type-page","status-publish","hentry"],"_links":{"self":[{"href":"https:\/\/bractwo.krakowpodgorze.zhp.pl\/index.php\/wp-json\/wp\/v2\/pages\/596","targetHints":{"allow":["GET"]}}],"collection":[{"href":"https:\/\/bractwo.krakowpodgorze.zhp.pl\/index.php\/wp-json\/wp\/v2\/pages"}],"about":[{"href":"https:\/\/bractwo.krakowpodgorze.zhp.pl\/index.php\/wp-json\/wp\/v2\/types\/page"}],"author":[{"embeddable":true,"href":"https:\/\/bractwo.krakowpodgorze.zhp.pl\/index.php\/wp-json\/wp\/v2\/users\/1"}],"replies":[{"embeddable":true,"href":"https:\/\/bractwo.krakowpodgorze.zhp.pl\/index.php\/wp-json\/wp\/v2\/comments?post=596"}],"version-history":[{"count":6,"href":"https:\/\/bractwo.krakowpodgorze.zhp.pl\/index.php\/wp-json\/wp\/v2\/pages\/596\/revisions"}],"predecessor-version":[{"id":600,"href":"https:\/\/bractwo.krakowpodgorze.zhp.pl\/index.php\/wp-json\/wp\/v2\/pages\/596\/revisions\/600"}],"wp:attachment":[{"href":"https:\/\/bractwo.krakowpodgorze.zhp.pl\/index.php\/wp-json\/wp\/v2\/media?parent=596"}],"curies":[{"name":"wp","href":"https:\/\/api.w.org\/{rel}","templated":true}]}}